{"id":5845,"date":"2023-04-25T21:22:46","date_gmt":"2023-04-25T21:22:46","guid":{"rendered":"http:\/\/psicologiaviva.com\/blog\/?page_id=5845"},"modified":"2023-06-11T11:32:17","modified_gmt":"2023-06-11T11:32:17","slug":"donaciones","status":"publish","type":"page","link":"http:\/\/psicologiaviva.com\/blog\/donaciones\/","title":{"rendered":"Donaciones"},"content":{"rendered":"<p id=\"tw-target-text\" class=\"tw-data-text tw-text-large tw-ta\" dir=\"ltr\" style=\"text-align: left;\" data-placeholder=\"Traducci\u00f3n\"><span class=\"Y2IQFc\" lang=\"es\" style=\"font-family: helvetica, arial, sans-serif; font-size: 14pt;\">Desde 1990, este blog est\u00e1 apoyando la educaci\u00f3n emocional a multitud de persona, <\/span><span class=\"Y2IQFc\" lang=\"es\" style=\"font-family: helvetica, arial, sans-serif; font-size: 14pt;\">mediante la publicaci\u00f3n de investigaciones, art\u00edculos y rese\u00f1as de la mejor calidad. <\/span><\/p>\n<p class=\"tw-data-text tw-text-large tw-ta\" dir=\"ltr\" style=\"text-align: left;\" data-placeholder=\"Traducci\u00f3n\"><span class=\"Y2IQFc\" lang=\"es\" style=\"font-family: helvetica, arial, sans-serif; font-size: 14pt;\">La mayor parte de nuestro trabajo es el resultado de muchos a\u00f1os de estudio y b\u00fasquedas <\/span><span class=\"Y2IQFc\" lang=\"es\" style=\"font-family: helvetica, arial, sans-serif; font-size: 14pt;\">comprometidas con el \u00e1rea de la psicolog\u00eda.<\/span><\/p>\n<p class=\"tw-data-text tw-text-large tw-ta\" dir=\"ltr\" style=\"text-align: left;\" data-placeholder=\"Traducci\u00f3n\"><span class=\"Y2IQFc\" lang=\"es\" style=\"font-family: helvetica, arial, sans-serif; font-size: 14pt;\">Actuamos sin fines de lucro, todas las donaciones se utilizan para asegurar\u00a0<\/span><span class=\"Y2IQFc\" lang=\"es\" style=\"font-family: helvetica, arial, sans-serif; font-size: 14pt;\">el futuro de este espacio.<\/span><\/p>\n<p dir=\"ltr\" data-placeholder=\"Traducci\u00f3n\"><span style=\"font-family: helvetica, arial, sans-serif; font-size: 14pt;\">Tambi\u00e9n puedes compartir tus art\u00edculos en en este blog, los publicaremos con gusto. Publicitando tu web, blog o lo que uses para darte a conocer<\/span>.<\/p>\n<p style=\"text-align: center;\"><span style=\"font-family: helvetica, arial, sans-serif; font-size: 14pt;\">Como pod\u00e9is comprobar no recibimos ingresos con publicidad<\/span><\/p>\n<p style=\"text-align: center;\"><span style=\"font-family: helvetica, arial, sans-serif; font-size: 14pt;\">Nos mantenemos gracias a vuestras aportaciones voluntaria<\/span>s<\/p>\n<p style=\"text-align: center;\"><span style=\"font-family: helvetica, arial, sans-serif; font-size: 14pt;\">Toda ayuda es bienvenida<\/span><\/p>\n<p style=\"text-align: center;\"><strong><span style=\"font-size: 14pt; font-family: helvetica, arial, sans-serif;\">Donar a la autora (<\/span><\/strong><strong><span style=\"font-size: 14pt; font-family: helvetica, arial, sans-serif;\">M.A.Marqu\u00e9s)<\/span><\/strong><\/p>\n<p style=\"text-align: center;\"><img decoding=\"async\" class=\"aligncenter wp-image-5844\" src=\"http:\/\/psicologiaviva.com\/blog\/wp-content\/uploads\/2023\/04\/bizum.jpg\" alt=\"\" width=\"134\" height=\"88\" srcset=\"http:\/\/psicologiaviva.com\/blog\/wp-content\/uploads\/2023\/04\/bizum.jpg 277w, http:\/\/psicologiaviva.com\/blog\/wp-content\/uploads\/2023\/04\/bizum-150x99.jpg 150w, http:\/\/psicologiaviva.com\/blog\/wp-content\/uploads\/2023\/04\/bizum-100x66.jpg 100w\" sizes=\"(max-width: 134px) 100vw, 134px\" \/><\/p>\n<p style=\"text-align: center;\"><span style=\"font-family: helvetica, arial, sans-serif; font-size: 14pt;\">Por Bizum<\/span><\/p>\n<p style=\"text-align: center;\"><strong><span style=\"font-family: helvetica, arial, sans-serif; font-size: 14pt;\"> +34 661 963 875<\/span><\/strong><\/p>\n<p>&nbsp;<\/p>\n<p style=\"text-align: center;\"><img decoding=\"async\" class=\"aligncenter wp-image-5846\" src=\"http:\/\/psicologiaviva.com\/blog\/wp-content\/uploads\/2023\/04\/paypal.png\" alt=\"\" width=\"144\" height=\"72\" srcset=\"http:\/\/psicologiaviva.com\/blog\/wp-content\/uploads\/2023\/04\/paypal.png 960w, http:\/\/psicologiaviva.com\/blog\/wp-content\/uploads\/2023\/04\/paypal-300x150.png 300w, http:\/\/psicologiaviva.com\/blog\/wp-content\/uploads\/2023\/04\/paypal-768x384.png 768w, http:\/\/psicologiaviva.com\/blog\/wp-content\/uploads\/2023\/04\/paypal-750x375.png 750w, http:\/\/psicologiaviva.com\/blog\/wp-content\/uploads\/2023\/04\/paypal-400x200.png 400w, http:\/\/psicologiaviva.com\/blog\/wp-content\/uploads\/2023\/04\/paypal-430x215.png 430w, http:\/\/psicologiaviva.com\/blog\/wp-content\/uploads\/2023\/04\/paypal-150x75.png 150w, http:\/\/psicologiaviva.com\/blog\/wp-content\/uploads\/2023\/04\/paypal-100x50.png 100w\" sizes=\"(max-width: 144px) 100vw, 144px\" \/><\/p>\n<p style=\"text-align: center;\"><span style=\"font-family: helvetica, arial, sans-serif; font-size: 14pt;\">Por Paypal\u00a0<\/span><\/p>\n<p style=\"text-align: center;\"><strong><span style=\"font-family: helvetica, arial, sans-serif; font-size: 14pt;\">sicoviva@gmail.com<\/span><\/strong><\/p>\n<p>&nbsp;<\/p>\n","protected":false},"excerpt":{"rendered":"<p>Desde 1990, este blog est\u00e1 apoyando la educaci\u00f3n emocional a multitud de persona, mediante la publicaci\u00f3n de investigaciones, art\u00edculos y rese\u00f1as de la mejor calidad. La mayor parte de nuestro trabajo es el resultado de muchos a\u00f1os de estudio y [&hellip;]<\/p>\n","protected":false},"author":1,"featured_media":0,"parent":0,"menu_order":0,"comment_status":"closed","ping_status":"closed","template":"","meta":{"footnotes":""},"class_list":["post-5845","page","type-page","status-publish","hentry"],"aioseo_notices":[],"jetpack_sharing_enabled":true,"jetpack_shortlink":"https:\/\/wp.me\/P6Upkr-1wh","jetpack_likes_enabled":false,"_links":{"self":[{"href":"http:\/\/psicologiaviva.com\/blog\/wp-json\/wp\/v2\/pages\/5845","targetHints":{"allow":["GET"]}}],"collection":[{"href":"http:\/\/psicologiaviva.com\/blog\/wp-json\/wp\/v2\/pages"}],"about":[{"href":"http:\/\/psicologiaviva.com\/blog\/wp-json\/wp\/v2\/types\/page"}],"author":[{"embeddable":true,"href":"http:\/\/psicologiaviva.com\/blog\/wp-json\/wp\/v2\/users\/1"}],"replies":[{"embeddable":true,"href":"http:\/\/psicologiaviva.com\/blog\/wp-json\/wp\/v2\/comments?post=5845"}],"version-history":[{"count":0,"href":"http:\/\/psicologiaviva.com\/blog\/wp-json\/wp\/v2\/pages\/5845\/revisions"}],"wp:attachment":[{"href":"http:\/\/psicologiaviva.com\/blog\/wp-json\/wp\/v2\/media?parent=5845"}],"curies":[{"name":"wp","href":"https:\/\/api.w.org\/{rel}","templated":true}]}}